{"id":504,"date":"2020-12-16T19:39:44","date_gmt":"2020-12-16T19:39:44","guid":{"rendered":"https:\/\/roobolstothailand.wordpress.com\/?page_id=504"},"modified":"2024-04-01T18:30:29","modified_gmt":"2024-04-01T18:30:29","slug":"donate-nl","status":"publish","type":"page","link":"https:\/\/roobolstothailand.com\/?page_id=504","title":{"rendered":"Donate"},"content":{"rendered":"\n<h2 class=\"wp-block-heading\" id=\"nl\">Partner worden<\/h2>\n\n\n\n<p>Wij zijn volledig afhankelijk van gebed en financi\u00eble giften. Gaat u aub bij God te rade of Hij van u verwacht dat u ons, en daardoor de bevolking van Thailand, steunt. Alvast bedankt!<\/p>\n\n\n\n<p class=\"has-text-align-left\">U kunt financieel bijdragen door middel van de volgende link. Vergeet niet de accountcode in te vullen. Deze is: <strong>L13141R<\/strong><\/p>\n\n\n\n<ul class=\"wp-block-list\">\n<li><a href=\"https:\/\/omf.org\/nl\/doneer\/#eenmalig?account=L13141R\" data-type=\"link\" data-id=\"https:\/\/omf-nl.formtitan.com\/008-Eenmalige-donatie\">Eenmalige donatie<\/a><\/li>\n\n\n\n<li><a href=\"https:\/\/omf.org\/nl\/doneer\/#periodiek?account=L13141R\">Periodiek incasso<\/a><\/li>\n<\/ul>\n\n\n\n<p>Of u kunt overmaken naar:<\/p>\n\n\n\n<h3 class=\"wp-block-heading\"><strong>OMF BE (voor Belgische sponsors):<\/strong><\/h3>\n\n\n\n<figure class=\"wp-block-table is-style-stripes\"><table><tbody><tr><td>IBAN<\/td><td>BE70 2350 3056 6025 <\/td><\/tr><tr><td>BIC<\/td><td>GEBA BE BB<\/td><\/tr><tr><td>t.n.v<\/td><td>Vzw OMF International Belgi\u00eb&nbsp;<\/td><\/tr><tr><td>Beschrijving<\/td><td>Gift&nbsp;aan OMF voor het werk met de Roobol-familie<\/td><\/tr><\/tbody><\/table><\/figure>\n\n\n\n<p>Of vul <a href=\"https:\/\/roobolstothailand.com\/wp-content\/uploads\/2022\/05\/Doorlopende-opdracht-jesse-en-katrien-OMF-BE.pdf\">dit incasso-formulier <\/a>in en stuur het op naar OMF volgens de instructies.<\/p>\n\n\n\n<h3 class=\"wp-block-heading\"><strong>OMF NL (voor Nederlandse en andere niet-Belgische sponsors):<\/strong><\/h3>\n\n\n\n<figure class=\"wp-block-table is-style-stripes\"><table><tbody><tr><td>IBAN<\/td><td>NL36 INGB 0000 4932 96<\/td><\/tr><tr><td>BIC<\/td><td>INGBNL2A<\/td><\/tr><tr><td>t.n.v<\/td><td>Stichting OMF International &#8211; NL<\/td><\/tr><tr><td>Beschrijving<\/td><td>L13141R<\/td><\/tr><\/tbody><\/table><\/figure>\n\n\n\n<p>Of vul <a href=\"https:\/\/roobolstothailand.com\/wp-content\/uploads\/2022\/04\/opgave-incasso-omf-nederland-project.pdf\">dit incasso-formulier <\/a>in en stuur het op naar OMF volgens de instructies.<br>OMF NL is ANBI-geregistreerd waardoor uw gift in aanmerking kan komen voor belastingaftrek<\/p>\n\n\n\n<p>Het spreekt voor zich kan u zelf het bedrag kan bepalen van uw \u00e9\u00e9nmalige of maandelijkse gift. Als u vragen heeft rondom het financi\u00eble aspect van zending of over doneren, aarzel dan niet om contact op te nemen met penningmeester (Gerben Van Dam) via <a href=\"mailto:penningmeester.roobols@gmail.com\">penningmeester@tftroobol.nl<\/a>.<\/p>\n\n\n\n<div class=\"wp-block-file\"><a href=\"https:\/\/roobolstothailand.com\/wp-content\/uploads\/2022\/04\/opgave-incasso-omf-nederland-project.pdf\" class=\"wp-block-file__button\" download aria-describedby=\"wp-block-file--media-847eb6e9-78f8-4ba7-b006-cdf79ab5c7d0\">Download hier het incasso formulier<\/a><\/div>\n\n\n\n<p>Voelt u zich vooral vrij de familie Roobol ook op een andere manier te sponsoren. Wilt u een ander bedrag of heeft u een praktisch voorstel? Alle hulp is welkom!<\/p>\n","protected":false},"excerpt":{"rendered":"<p>Partner worden Wij zijn volledig afhankelijk van gebed en financi\u00eble giften. Gaat u aub bij God te rade of Hij van u verwacht dat u ons, en daardoor de bevolking van Thailand, steunt. Alvast bedankt! U kunt financieel bijdragen door middel van de volgende link. Vergeet niet de accountcode in te vullen. Deze is: L13141R <a href=\"https:\/\/roobolstothailand.com\/?page_id=504\" class=\"more-link\">&#8230;<\/a><\/p>\n","protected":false},"author":1,"featured_media":0,"parent":0,"menu_order":0,"comment_status":"closed","ping_status":"closed","template":"","meta":{"footnotes":""},"class_list":["post-504","page","type-page","status-publish","hentry"],"_links":{"self":[{"href":"https:\/\/roobolstothailand.com\/index.php?rest_route=\/wp\/v2\/pages\/504","targetHints":{"allow":["GET"]}}],"collection":[{"href":"https:\/\/roobolstothailand.com\/index.php?rest_route=\/wp\/v2\/pages"}],"about":[{"href":"https:\/\/roobolstothailand.com\/index.php?rest_route=\/wp\/v2\/types\/page"}],"author":[{"embeddable":true,"href":"https:\/\/roobolstothailand.com\/index.php?rest_route=\/wp\/v2\/users\/1"}],"replies":[{"embeddable":true,"href":"https:\/\/roobolstothailand.com\/index.php?rest_route=%2Fwp%2Fv2%2Fcomments&post=504"}],"version-history":[{"count":24,"href":"https:\/\/roobolstothailand.com\/index.php?rest_route=\/wp\/v2\/pages\/504\/revisions"}],"predecessor-version":[{"id":1607,"href":"https:\/\/roobolstothailand.com\/index.php?rest_route=\/wp\/v2\/pages\/504\/revisions\/1607"}],"wp:attachment":[{"href":"https:\/\/roobolstothailand.com\/index.php?rest_route=%2Fwp%2Fv2%2Fmedia&parent=504"}],"curies":[{"name":"wp","href":"https:\/\/api.w.org\/{rel}","templated":true}]}}